{"id":314,"date":"2020-06-26T16:51:14","date_gmt":"2020-06-26T14:51:14","guid":{"rendered":"https:\/\/www.schweissereiwuttke.de\/wp\/?page_id=314"},"modified":"2021-02-23T11:43:35","modified_gmt":"2021-02-23T10:43:35","slug":"motorblock-schlueter","status":"publish","type":"page","link":"https:\/\/www.schweissereiwuttke.de\/wp\/?page_id=314","title":{"rendered":"Motorblock MWM"},"content":{"rendered":"<p style=\"text-align: center;\"><span style=\"color: #ffcc99;\">Unsachgem\u00e4\u00df verschwei\u00dfte Teile sind entfernt worden. Ein neues St\u00fcck wurde angefertigt.<\/span><\/p>\n<p><img loading=\"lazy\" decoding=\"async\" class=\"size-medium wp-image-349 aligncenter\" src=\"https:\/\/www.schweissereiwuttke.de\/wp\/wp-content\/uploads\/2021\/02\/F80908C3-F706-4D12-872C-7CFA4CB1A9F7-225x300.jpeg\" alt=\"\" width=\"225\" height=\"300\" srcset=\"https:\/\/www.schweissereiwuttke.de\/wp\/wp-content\/uploads\/2021\/02\/F80908C3-F706-4D12-872C-7CFA4CB1A9F7-225x300.jpeg 225w, https:\/\/www.schweissereiwuttke.de\/wp\/wp-content\/uploads\/2021\/02\/F80908C3-F706-4D12-872C-7CFA4CB1A9F7-768x1024.jpeg 768w, https:\/\/www.schweissereiwuttke.de\/wp\/wp-content\/uploads\/2021\/02\/F80908C3-F706-4D12-872C-7CFA4CB1A9F7-1152x1536.jpeg 1152w, https:\/\/www.schweissereiwuttke.de\/wp\/wp-content\/uploads\/2021\/02\/F80908C3-F706-4D12-872C-7CFA4CB1A9F7-1536x2048.jpeg 1536w, https:\/\/www.schweissereiwuttke.de\/wp\/wp-content\/uploads\/2021\/02\/F80908C3-F706-4D12-872C-7CFA4CB1A9F7-scaled.jpeg 1920w\" sizes=\"auto, (max-width: 225px) 100vw, 225px\" \/><\/p>\n<p style=\"text-align: center;\"><span style=\"color: #ffcc99;\">Zwischenwand wieder hergestellt<\/span><\/p>\n<p><img loading=\"lazy\" decoding=\"async\" class=\"size-medium wp-image-350 aligncenter\" src=\"https:\/\/www.schweissereiwuttke.de\/wp\/wp-content\/uploads\/2021\/02\/1DBACE9E-8FC1-4671-A14F-84E67C41C3D6-225x300.jpeg\" alt=\"\" width=\"225\" height=\"300\" srcset=\"https:\/\/www.schweissereiwuttke.de\/wp\/wp-content\/uploads\/2021\/02\/1DBACE9E-8FC1-4671-A14F-84E67C41C3D6-225x300.jpeg 225w, https:\/\/www.schweissereiwuttke.de\/wp\/wp-content\/uploads\/2021\/02\/1DBACE9E-8FC1-4671-A14F-84E67C41C3D6-768x1024.jpeg 768w, https:\/\/www.schweissereiwuttke.de\/wp\/wp-content\/uploads\/2021\/02\/1DBACE9E-8FC1-4671-A14F-84E67C41C3D6-1152x1536.jpeg 1152w, https:\/\/www.schweissereiwuttke.de\/wp\/wp-content\/uploads\/2021\/02\/1DBACE9E-8FC1-4671-A14F-84E67C41C3D6-1536x2048.jpeg 1536w, https:\/\/www.schweissereiwuttke.de\/wp\/wp-content\/uploads\/2021\/02\/1DBACE9E-8FC1-4671-A14F-84E67C41C3D6-scaled.jpeg 1920w\" sizes=\"auto, (max-width: 225px) 100vw, 225px\" \/><\/p>\n<p style=\"text-align: center;\"><span style=\"color: #ffcc99;\">Au\u00dfenwand wieder eingesetzt<\/span><\/p>\n<p><img loading=\"lazy\" decoding=\"async\" class=\"size-medium wp-image-351 aligncenter\" src=\"https:\/\/www.schweissereiwuttke.de\/wp\/wp-content\/uploads\/2021\/02\/210139F0-F2BF-4E1B-AFB0-A532CC0816AA-225x300.jpeg\" alt=\"\" width=\"225\" height=\"300\" srcset=\"https:\/\/www.schweissereiwuttke.de\/wp\/wp-content\/uploads\/2021\/02\/210139F0-F2BF-4E1B-AFB0-A532CC0816AA-225x300.jpeg 225w, https:\/\/www.schweissereiwuttke.de\/wp\/wp-content\/uploads\/2021\/02\/210139F0-F2BF-4E1B-AFB0-A532CC0816AA-768x1024.jpeg 768w, https:\/\/www.schweissereiwuttke.de\/wp\/wp-content\/uploads\/2021\/02\/210139F0-F2BF-4E1B-AFB0-A532CC0816AA-1152x1536.jpeg 1152w, https:\/\/www.schweissereiwuttke.de\/wp\/wp-content\/uploads\/2021\/02\/210139F0-F2BF-4E1B-AFB0-A532CC0816AA-1536x2048.jpeg 1536w, https:\/\/www.schweissereiwuttke.de\/wp\/wp-content\/uploads\/2021\/02\/210139F0-F2BF-4E1B-AFB0-A532CC0816AA-scaled.jpeg 1920w\" sizes=\"auto, (max-width: 225px) 100vw, 225px\" \/><\/p>\n<p><img loading=\"lazy\" decoding=\"async\" class=\"size-medium wp-image-352 aligncenter\" src=\"https:\/\/www.schweissereiwuttke.de\/wp\/wp-content\/uploads\/2021\/02\/6011F3D4-840C-4B73-A17D-F6699E7A3050-225x300.jpeg\" alt=\"\" width=\"225\" height=\"300\" srcset=\"https:\/\/www.schweissereiwuttke.de\/wp\/wp-content\/uploads\/2021\/02\/6011F3D4-840C-4B73-A17D-F6699E7A3050-225x300.jpeg 225w, https:\/\/www.schweissereiwuttke.de\/wp\/wp-content\/uploads\/2021\/02\/6011F3D4-840C-4B73-A17D-F6699E7A3050-768x1024.jpeg 768w, https:\/\/www.schweissereiwuttke.de\/wp\/wp-content\/uploads\/2021\/02\/6011F3D4-840C-4B73-A17D-F6699E7A3050-1152x1536.jpeg 1152w, https:\/\/www.schweissereiwuttke.de\/wp\/wp-content\/uploads\/2021\/02\/6011F3D4-840C-4B73-A17D-F6699E7A3050-1536x2048.jpeg 1536w, https:\/\/www.schweissereiwuttke.de\/wp\/wp-content\/uploads\/2021\/02\/6011F3D4-840C-4B73-A17D-F6699E7A3050-scaled.jpeg 1920w\" sizes=\"auto, (max-width: 225px) 100vw, 225px\" \/><\/p>\n","protected":false},"excerpt":{"rendered":"<p>Unsachgem\u00e4\u00df verschwei\u00dfte Teile sind entfernt worden. Ein neues St\u00fcck wurde angefertigt. Zwischenwand wieder hergestellt Au\u00dfenwand wieder eingesetzt<\/p>\n","protected":false},"author":1,"featured_media":0,"parent":0,"menu_order":0,"comment_status":"closed","ping_status":"closed","template":"","meta":{"footnotes":""},"class_list":["post-314","page","type-page","status-publish","hentry"],"_links":{"self":[{"href":"https:\/\/www.schweissereiwuttke.de\/wp\/index.php?rest_route=\/wp\/v2\/pages\/314","targetHints":{"allow":["GET"]}}],"collection":[{"href":"https:\/\/www.schweissereiwuttke.de\/wp\/index.php?rest_route=\/wp\/v2\/pages"}],"about":[{"href":"https:\/\/www.schweissereiwuttke.de\/wp\/index.php?rest_route=\/wp\/v2\/types\/page"}],"author":[{"embeddable":true,"href":"https:\/\/www.schweissereiwuttke.de\/wp\/index.php?rest_route=\/wp\/v2\/users\/1"}],"replies":[{"embeddable":true,"href":"https:\/\/www.schweissereiwuttke.de\/wp\/index.php?rest_route=%2Fwp%2Fv2%2Fcomments&post=314"}],"version-history":[{"count":9,"href":"https:\/\/www.schweissereiwuttke.de\/wp\/index.php?rest_route=\/wp\/v2\/pages\/314\/revisions"}],"predecessor-version":[{"id":355,"href":"https:\/\/www.schweissereiwuttke.de\/wp\/index.php?rest_route=\/wp\/v2\/pages\/314\/revisions\/355"}],"wp:attachment":[{"href":"https:\/\/www.schweissereiwuttke.de\/wp\/index.php?rest_route=%2Fwp%2Fv2%2Fmedia&parent=314"}],"curies":[{"name":"wp","href":"https:\/\/api.w.org\/{rel}","templated":true}]}}