{"id":290,"date":"2020-06-18T14:19:56","date_gmt":"2020-06-18T12:19:56","guid":{"rendered":"https:\/\/www.schweissereiwuttke.de\/wp\/?page_id=290"},"modified":"2020-07-16T23:24:56","modified_gmt":"2020-07-16T21:24:56","slug":"motorgehaeuse-deutz","status":"publish","type":"page","link":"https:\/\/www.schweissereiwuttke.de\/wp\/?page_id=290","title":{"rendered":"Motorgeh\u00e4use Deutz"},"content":{"rendered":"<p style=\"text-align: center;\"><span style=\"color: #ffcc99;\">geklammerte Risse werden verschwei\u00dft<\/span><\/p>\n<p style=\"text-align: center;\"><img loading=\"lazy\" decoding=\"async\" class=\"alignnone size-medium wp-image-289\" src=\"https:\/\/www.schweissereiwuttke.de\/wp\/wp-content\/uploads\/2020\/06\/13CF7A30-D743-4EE0-8E71-DB85BC15518F-225x300.jpeg\" alt=\"\" width=\"225\" height=\"300\" srcset=\"https:\/\/www.schweissereiwuttke.de\/wp\/wp-content\/uploads\/2020\/06\/13CF7A30-D743-4EE0-8E71-DB85BC15518F-225x300.jpeg 225w, https:\/\/www.schweissereiwuttke.de\/wp\/wp-content\/uploads\/2020\/06\/13CF7A30-D743-4EE0-8E71-DB85BC15518F-768x1024.jpeg 768w, https:\/\/www.schweissereiwuttke.de\/wp\/wp-content\/uploads\/2020\/06\/13CF7A30-D743-4EE0-8E71-DB85BC15518F-1152x1536.jpeg 1152w, https:\/\/www.schweissereiwuttke.de\/wp\/wp-content\/uploads\/2020\/06\/13CF7A30-D743-4EE0-8E71-DB85BC15518F-1536x2048.jpeg 1536w, https:\/\/www.schweissereiwuttke.de\/wp\/wp-content\/uploads\/2020\/06\/13CF7A30-D743-4EE0-8E71-DB85BC15518F-scaled.jpeg 1920w\" sizes=\"auto, (max-width: 225px) 100vw, 225px\" \/><\/p>\n<p style=\"text-align: center;\"><img loading=\"lazy\" decoding=\"async\" class=\"alignnone size-medium wp-image-288\" src=\"https:\/\/www.schweissereiwuttke.de\/wp\/wp-content\/uploads\/2020\/06\/F6B4F0C1-B472-474F-B648-F1659C657B9E-225x300.jpeg\" alt=\"\" width=\"225\" height=\"300\" srcset=\"https:\/\/www.schweissereiwuttke.de\/wp\/wp-content\/uploads\/2020\/06\/F6B4F0C1-B472-474F-B648-F1659C657B9E-225x300.jpeg 225w, https:\/\/www.schweissereiwuttke.de\/wp\/wp-content\/uploads\/2020\/06\/F6B4F0C1-B472-474F-B648-F1659C657B9E-768x1024.jpeg 768w, https:\/\/www.schweissereiwuttke.de\/wp\/wp-content\/uploads\/2020\/06\/F6B4F0C1-B472-474F-B648-F1659C657B9E-1152x1536.jpeg 1152w, https:\/\/www.schweissereiwuttke.de\/wp\/wp-content\/uploads\/2020\/06\/F6B4F0C1-B472-474F-B648-F1659C657B9E-1536x2048.jpeg 1536w, https:\/\/www.schweissereiwuttke.de\/wp\/wp-content\/uploads\/2020\/06\/F6B4F0C1-B472-474F-B648-F1659C657B9E-scaled.jpeg 1920w\" sizes=\"auto, (max-width: 225px) 100vw, 225px\" \/><\/p>\n<p style=\"text-align: center;\"><span style=\"color: #ffcc99;\">nach dem Schwei\u00dfen grob beschliffen<\/span><\/p>\n<p style=\"text-align: center;\"><img loading=\"lazy\" decoding=\"async\" class=\"alignnone size-medium wp-image-292\" src=\"https:\/\/www.schweissereiwuttke.de\/wp\/wp-content\/uploads\/2020\/06\/2B94F3E2-F5D5-4521-BF62-F281F3A1D4C3-300x225.jpeg\" alt=\"\" width=\"300\" height=\"225\" srcset=\"https:\/\/www.schweissereiwuttke.de\/wp\/wp-content\/uploads\/2020\/06\/2B94F3E2-F5D5-4521-BF62-F281F3A1D4C3-300x225.jpeg 300w, https:\/\/www.schweissereiwuttke.de\/wp\/wp-content\/uploads\/2020\/06\/2B94F3E2-F5D5-4521-BF62-F281F3A1D4C3-1024x768.jpeg 1024w, https:\/\/www.schweissereiwuttke.de\/wp\/wp-content\/uploads\/2020\/06\/2B94F3E2-F5D5-4521-BF62-F281F3A1D4C3-768x576.jpeg 768w, https:\/\/www.schweissereiwuttke.de\/wp\/wp-content\/uploads\/2020\/06\/2B94F3E2-F5D5-4521-BF62-F281F3A1D4C3-1536x1152.jpeg 1536w, https:\/\/www.schweissereiwuttke.de\/wp\/wp-content\/uploads\/2020\/06\/2B94F3E2-F5D5-4521-BF62-F281F3A1D4C3-2048x1536.jpeg 2048w\" sizes=\"auto, (max-width: 300px) 100vw, 300px\" \/><\/p>\n<p style=\"text-align: center;\"><span style=\"color: #ffcc99;\">die unteren Stege wurden geschwei\u00dft<\/span><\/p>\n<p style=\"text-align: center;\"><img loading=\"lazy\" decoding=\"async\" class=\"alignnone size-medium wp-image-307\" src=\"https:\/\/www.schweissereiwuttke.de\/wp\/wp-content\/uploads\/2020\/06\/803E8219-12C0-413B-8E12-C588A295C029-300x225.jpeg\" alt=\"\" width=\"300\" height=\"225\" srcset=\"https:\/\/www.schweissereiwuttke.de\/wp\/wp-content\/uploads\/2020\/06\/803E8219-12C0-413B-8E12-C588A295C029-300x225.jpeg 300w, https:\/\/www.schweissereiwuttke.de\/wp\/wp-content\/uploads\/2020\/06\/803E8219-12C0-413B-8E12-C588A295C029-1024x768.jpeg 1024w, https:\/\/www.schweissereiwuttke.de\/wp\/wp-content\/uploads\/2020\/06\/803E8219-12C0-413B-8E12-C588A295C029-768x576.jpeg 768w, https:\/\/www.schweissereiwuttke.de\/wp\/wp-content\/uploads\/2020\/06\/803E8219-12C0-413B-8E12-C588A295C029-1536x1152.jpeg 1536w, https:\/\/www.schweissereiwuttke.de\/wp\/wp-content\/uploads\/2020\/06\/803E8219-12C0-413B-8E12-C588A295C029-2048x1536.jpeg 2048w\" sizes=\"auto, (max-width: 300px) 100vw, 300px\" \/><\/p>\n<p style=\"text-align: center;\"><img loading=\"lazy\" decoding=\"async\" class=\"alignnone size-medium wp-image-308\" src=\"https:\/\/www.schweissereiwuttke.de\/wp\/wp-content\/uploads\/2020\/06\/CAA3DCBD-246B-4975-A0FE-4CDEAB79396A-300x225.jpeg\" alt=\"\" width=\"300\" height=\"225\" srcset=\"https:\/\/www.schweissereiwuttke.de\/wp\/wp-content\/uploads\/2020\/06\/CAA3DCBD-246B-4975-A0FE-4CDEAB79396A-300x225.jpeg 300w, https:\/\/www.schweissereiwuttke.de\/wp\/wp-content\/uploads\/2020\/06\/CAA3DCBD-246B-4975-A0FE-4CDEAB79396A-1024x768.jpeg 1024w, https:\/\/www.schweissereiwuttke.de\/wp\/wp-content\/uploads\/2020\/06\/CAA3DCBD-246B-4975-A0FE-4CDEAB79396A-768x576.jpeg 768w, https:\/\/www.schweissereiwuttke.de\/wp\/wp-content\/uploads\/2020\/06\/CAA3DCBD-246B-4975-A0FE-4CDEAB79396A-1536x1152.jpeg 1536w, https:\/\/www.schweissereiwuttke.de\/wp\/wp-content\/uploads\/2020\/06\/CAA3DCBD-246B-4975-A0FE-4CDEAB79396A-2048x1536.jpeg 2048w\" sizes=\"auto, (max-width: 300px) 100vw, 300px\" \/><\/p>\n<p style=\"text-align: center;\"><span style=\"color: #ffcc99;\">geklammerte Risse sind geschwei\u00dft, zwei Undichtigkeiten sind noch offen<\/span><\/p>\n<p><img loading=\"lazy\" decoding=\"async\" class=\"size-medium wp-image-325 aligncenter\" src=\"https:\/\/www.schweissereiwuttke.de\/wp\/wp-content\/uploads\/2020\/07\/AD042358-4B8E-4472-B15A-9459466A72E7-300x225.jpeg\" alt=\"\" width=\"300\" height=\"225\" srcset=\"https:\/\/www.schweissereiwuttke.de\/wp\/wp-content\/uploads\/2020\/07\/AD042358-4B8E-4472-B15A-9459466A72E7-300x225.jpeg 300w, https:\/\/www.schweissereiwuttke.de\/wp\/wp-content\/uploads\/2020\/07\/AD042358-4B8E-4472-B15A-9459466A72E7-1024x768.jpeg 1024w, https:\/\/www.schweissereiwuttke.de\/wp\/wp-content\/uploads\/2020\/07\/AD042358-4B8E-4472-B15A-9459466A72E7-768x576.jpeg 768w, https:\/\/www.schweissereiwuttke.de\/wp\/wp-content\/uploads\/2020\/07\/AD042358-4B8E-4472-B15A-9459466A72E7-1536x1152.jpeg 1536w, https:\/\/www.schweissereiwuttke.de\/wp\/wp-content\/uploads\/2020\/07\/AD042358-4B8E-4472-B15A-9459466A72E7-2048x1536.jpeg 2048w\" sizes=\"auto, (max-width: 300px) 100vw, 300px\" \/><\/p>\n<p><img loading=\"lazy\" decoding=\"async\" class=\"size-medium wp-image-326 aligncenter\" src=\"https:\/\/www.schweissereiwuttke.de\/wp\/wp-content\/uploads\/2020\/07\/18BDFF27-03EA-4892-927F-A7C975CFF44B-300x225.jpeg\" alt=\"\" width=\"300\" height=\"225\" srcset=\"https:\/\/www.schweissereiwuttke.de\/wp\/wp-content\/uploads\/2020\/07\/18BDFF27-03EA-4892-927F-A7C975CFF44B-300x225.jpeg 300w, https:\/\/www.schweissereiwuttke.de\/wp\/wp-content\/uploads\/2020\/07\/18BDFF27-03EA-4892-927F-A7C975CFF44B-1024x768.jpeg 1024w, https:\/\/www.schweissereiwuttke.de\/wp\/wp-content\/uploads\/2020\/07\/18BDFF27-03EA-4892-927F-A7C975CFF44B-768x576.jpeg 768w, https:\/\/www.schweissereiwuttke.de\/wp\/wp-content\/uploads\/2020\/07\/18BDFF27-03EA-4892-927F-A7C975CFF44B-1536x1152.jpeg 1536w, https:\/\/www.schweissereiwuttke.de\/wp\/wp-content\/uploads\/2020\/07\/18BDFF27-03EA-4892-927F-A7C975CFF44B-2048x1536.jpeg 2048w\" sizes=\"auto, (max-width: 300px) 100vw, 300px\" \/><\/p>\n","protected":false},"excerpt":{"rendered":"<p>geklammerte Risse werden verschwei\u00dft nach dem Schwei\u00dfen grob beschliffen die unteren Stege wurden geschwei\u00dft geklammerte Risse sind geschwei\u00dft, zwei Undichtigkeiten sind noch offen<\/p>\n","protected":false},"author":1,"featured_media":0,"parent":0,"menu_order":0,"comment_status":"closed","ping_status":"closed","template":"","meta":{"footnotes":""},"class_list":["post-290","page","type-page","status-publish","hentry"],"_links":{"self":[{"href":"https:\/\/www.schweissereiwuttke.de\/wp\/index.php?rest_route=\/wp\/v2\/pages\/290","targetHints":{"allow":["GET"]}}],"collection":[{"href":"https:\/\/www.schweissereiwuttke.de\/wp\/index.php?rest_route=\/wp\/v2\/pages"}],"about":[{"href":"https:\/\/www.schweissereiwuttke.de\/wp\/index.php?rest_route=\/wp\/v2\/types\/page"}],"author":[{"embeddable":true,"href":"https:\/\/www.schweissereiwuttke.de\/wp\/index.php?rest_route=\/wp\/v2\/users\/1"}],"replies":[{"embeddable":true,"href":"https:\/\/www.schweissereiwuttke.de\/wp\/index.php?rest_route=%2Fwp%2Fv2%2Fcomments&post=290"}],"version-history":[{"count":6,"href":"https:\/\/www.schweissereiwuttke.de\/wp\/index.php?rest_route=\/wp\/v2\/pages\/290\/revisions"}],"predecessor-version":[{"id":327,"href":"https:\/\/www.schweissereiwuttke.de\/wp\/index.php?rest_route=\/wp\/v2\/pages\/290\/revisions\/327"}],"wp:attachment":[{"href":"https:\/\/www.schweissereiwuttke.de\/wp\/index.php?rest_route=%2Fwp%2Fv2%2Fmedia&parent=290"}],"curies":[{"name":"wp","href":"https:\/\/api.w.org\/{rel}","templated":true}]}}