{"id":27,"date":"2020-02-19T12:10:33","date_gmt":"2020-02-19T11:10:33","guid":{"rendered":"https:\/\/www.schweissereiwuttke.de\/wp\/?page_id=27"},"modified":"2020-02-23T19:03:13","modified_gmt":"2020-02-23T18:03:13","slug":"ueber-uns","status":"publish","type":"page","link":"https:\/\/www.schweissereiwuttke.de\/wp\/?page_id=27","title":{"rendered":"\u00dcber uns"},"content":{"rendered":"<p><img loading=\"lazy\" decoding=\"async\" class=\"size-medium wp-image-194 aligncenter\" src=\"https:\/\/www.schweissereiwuttke.de\/wp\/wp-content\/uploads\/2020\/02\/IMG_7643-300x225.jpg\" alt=\"\" width=\"300\" height=\"225\" srcset=\"https:\/\/www.schweissereiwuttke.de\/wp\/wp-content\/uploads\/2020\/02\/IMG_7643-300x225.jpg 300w, https:\/\/www.schweissereiwuttke.de\/wp\/wp-content\/uploads\/2020\/02\/IMG_7643-1024x768.jpg 1024w, https:\/\/www.schweissereiwuttke.de\/wp\/wp-content\/uploads\/2020\/02\/IMG_7643-768x576.jpg 768w, https:\/\/www.schweissereiwuttke.de\/wp\/wp-content\/uploads\/2020\/02\/IMG_7643-1536x1152.jpg 1536w, https:\/\/www.schweissereiwuttke.de\/wp\/wp-content\/uploads\/2020\/02\/IMG_7643-2048x1536.jpg 2048w\" sizes=\"auto, (max-width: 300px) 100vw, 300px\" \/><\/p>\r\n<p><span style=\"color: #999999;\"><\/span><\/p>\r\n<p style=\"text-align: justify;\" align=\"LEFT\"><span style=\"color: #999999;\"><span style=\"font-family: 'Comic Sans MS', Tekton, Blueprint, 'Dom Casual', 'Dom Casual BT';\">Seit nunmehr 90 Jahren hat sich unsere Firma auf dem Gebiet der <\/span><\/span><span style=\"color: #999999;\"><span style=\"color: #ffcc99;\"><span style=\"font-family: 'Comic Sans MS', Tekton, Blueprint, 'Dom Casual', 'Dom Casual BT';\">Graugu\u00df-, Kugelgraphitgu\u00df-,<\/span><span style=\"font-family: Comic Sans MS,Tekton,Blueprint,Dom Casual,Dom Casual BT;\">\u00a0<\/span><span style=\"font-family: 'Comic Sans MS', Tekton, Blueprint, 'Dom Casual', 'Dom Casual BT';\">Aluminiumgu\u00df-,<\/span><\/span><span style=\"font-family: Comic Sans MS,Tekton,Blueprint,Dom Casual,Dom Casual BT;\"> sowie der <\/span><span style=\"font-family: 'Comic Sans MS', Tekton, Blueprint, 'Dom Casual', 'Dom Casual BT'; color: #ffcc99;\">Kupferreparaturschwei\u00dfung<\/span><span style=\"font-family: Comic Sans MS,Tekton,Blueprint,Dom Casual,Dom Casual BT;\">\u00a0verdient gemacht. Durch langj\u00e4hrige Erfahrung, Forschung und experimentelle Anwendung des &#8220;Felix Wuttke Originalverfahrens&#8221; ist es uns gelungen, unter Verwendung artgleicher Zusatzstoffe, mittels Warmschwei\u00dfung oder teilweiser Erw\u00e4rmung, pa\u00df- und formgenaue Instandsetzung durchzuf\u00fchren.<\/span><\/span><\/p>\r\n<p style=\"text-align: justify;\" align=\"LEFT\"><span style=\"color: #999999; font-family: 'Comic Sans MS', Tekton, Blueprint, 'Dom Casual', 'Dom Casual BT';\">Wir reparieren Risse, Bruchstellen, k\u00f6nnen abgebrochene Teile formgerecht anpassen, fehlende Gu\u00dfteile durch Modellschwei\u00dfung ersetzen und abgetragene Fl\u00e4chen durch Auftragsschwei\u00dfung erneuern .Unsere Firma ist in der Lage, mit unserem Spezialverfahren bereits im Betrieb befindlichen Maschinenteile mit artgleichen Zusatzwerkstoffen und dem geringstm\u00f6glichen Verzug wieder instandzusetzen.<\/span><\/p>\r\n<p style=\"text-align: justify;\" align=\"LEFT\"><span style=\"color: #999999; font-family: 'Comic Sans MS', Tekton, Blueprint, 'Dom Casual', 'Dom Casual BT';\">Folgende Reparaturschwei\u00dfungen f\u00fchren wir in unserer Firma, oder bei schwer beweglichen Teilen in jeder Gr\u00f6\u00dfe, bei Ihnen vor Ort durch:<\/span><\/p>\r\n<p style=\"text-align: justify;\" align=\"LEFT\"><span style=\"color: #999999;\"><span style=\"font-family: Wingdings;\">\u21d2 <\/span><span style=\"font-family: 'Comic Sans MS', Tekton, Blueprint, 'Dom Casual', 'Dom Casual BT';\">jede Art und Gr\u00f6\u00dfe von Zylinderk\u00f6pfen, Motorengeh\u00e4usen und Auspuffkr\u00fcmmern von station\u00e4ren Dieselmotoren, Diesellokomotiven, Schiffsmotoren, Landmaschinen, LKW und PKW<\/span><\/span><\/p>\r\n<p style=\"text-align: justify;\" align=\"LEFT\"><span style=\"color: #999999;\"><span style=\"font-family: Wingdings;\">\u21d2 <\/span><span style=\"font-family: 'Comic Sans MS', Tekton, Blueprint, 'Dom Casual', 'Dom Casual BT';\">alle Zylinder und Graugu\u00dfteile wie Dampfsammler von Diesellokomotiven<\/span><\/span><\/p>\r\n<p align=\"LEFT\"><span style=\"color: #999999;\"><span style=\"font-family: Wingdings;\">\u21d2 <\/span><span style=\"font-family: 'Comic Sans MS', Tekton, Blueprint, 'Dom Casual', 'Dom Casual BT';\">jede Art und Gr\u00f6\u00dfe von Maschinenteilen wie Pressenst\u00e4nder, Zahnr\u00e4der, Riemenscheiben, Spannelemente, Lagerteile, Zahnstangen etc.<\/span><\/span><\/p>\r\n<p style=\"text-align: justify;\" align=\"LEFT\"><span style=\"color: #999999;\"><span style=\"font-family: Wingdings;\">\u21d2 <\/span><span style=\"font-family: 'Comic Sans MS', Tekton, Blueprint, 'Dom Casual', 'Dom Casual BT';\">jede Art und Gr\u00f6\u00dfe von Armaturen aus GGL z.B. Ventile und Schieber<\/span><\/span><\/p>\r\n<p style=\"text-align: justify;\" align=\"LEFT\"><span style=\"color: #999999;\"><span style=\"font-family: Wingdings;\">\u21d2 <\/span><span style=\"font-family: 'Comic Sans MS', Tekton, Blueprint, 'Dom Casual', 'Dom Casual BT';\">jede Art und Gr\u00f6\u00dfe von S\u00e4gegattern, S\u00e4gegatterst\u00fctzen und alle Teile von diesen<\/span><\/span><\/p>\r\n<p style=\"text-align: justify;\" align=\"LEFT\"><span style=\"color: #999999;\"><span style=\"font-family: Wingdings;\">\u21d2 <\/span><span style=\"font-family: 'Comic Sans MS', Tekton, Blueprint, 'Dom Casual', 'Dom Casual BT';\">alle Teile aus GGG 40 z. B. Hochdruckhydraulikzylindern oder Turbinenteile<\/span><\/span><\/p>\r\n","protected":false},"excerpt":{"rendered":"<p>Seit nunmehr 90 Jahren hat sich unsere Firma auf dem Gebiet der Graugu\u00df-, Kugelgraphitgu\u00df-,\u00a0Aluminiumgu\u00df-, sowie der Kupferreparaturschwei\u00dfung\u00a0verdient gemacht. Durch langj\u00e4hrige Erfahrung, Forschung und experimentelle Anwendung des &#8220;Felix Wuttke Originalverfahrens&#8221; ist es uns gelungen, unter Verwendung artgleicher Zusatzstoffe, mittels Warmschwei\u00dfung oder teilweiser Erw\u00e4rmung, pa\u00df- und formgenaue Instandsetzung durchzuf\u00fchren. Wir reparieren Risse, Bruchstellen, k\u00f6nnen abgebrochene Teile formgerecht &hellip; <\/p>\n<p class=\"link-more\"><a href=\"https:\/\/www.schweissereiwuttke.de\/wp\/?page_id=27\" class=\"more-link\"><span class=\"screen-reader-text\">\u201e\u00dcber uns\u201c<\/span> weiterlesen<\/a><\/p>\n","protected":false},"author":1,"featured_media":0,"parent":0,"menu_order":0,"comment_status":"closed","ping_status":"closed","template":"","meta":{"footnotes":""},"class_list":["post-27","page","type-page","status-publish","hentry"],"_links":{"self":[{"href":"https:\/\/www.schweissereiwuttke.de\/wp\/index.php?rest_route=\/wp\/v2\/pages\/27","targetHints":{"allow":["GET"]}}],"collection":[{"href":"https:\/\/www.schweissereiwuttke.de\/wp\/index.php?rest_route=\/wp\/v2\/pages"}],"about":[{"href":"https:\/\/www.schweissereiwuttke.de\/wp\/index.php?rest_route=\/wp\/v2\/types\/page"}],"author":[{"embeddable":true,"href":"https:\/\/www.schweissereiwuttke.de\/wp\/index.php?rest_route=\/wp\/v2\/users\/1"}],"replies":[{"embeddable":true,"href":"https:\/\/www.schweissereiwuttke.de\/wp\/index.php?rest_route=%2Fwp%2Fv2%2Fcomments&post=27"}],"version-history":[{"count":21,"href":"https:\/\/www.schweissereiwuttke.de\/wp\/index.php?rest_route=\/wp\/v2\/pages\/27\/revisions"}],"predecessor-version":[{"id":196,"href":"https:\/\/www.schweissereiwuttke.de\/wp\/index.php?rest_route=\/wp\/v2\/pages\/27\/revisions\/196"}],"wp:attachment":[{"href":"https:\/\/www.schweissereiwuttke.de\/wp\/index.php?rest_route=%2Fwp%2Fv2%2Fmedia&parent=27"}],"curies":[{"name":"wp","href":"https:\/\/api.w.org\/{rel}","templated":true}]}}