{"id":26,"date":"2020-02-19T12:10:33","date_gmt":"2020-02-19T11:10:33","guid":{"rendered":"https:\/\/www.schweissereiwuttke.de\/wp\/?page_id=26"},"modified":"2020-03-13T09:47:14","modified_gmt":"2020-03-13T08:47:14","slug":"startseite","status":"publish","type":"page","link":"https:\/\/www.schweissereiwuttke.de\/wp\/","title":{"rendered":"Startseite"},"content":{"rendered":"<p style=\"text-align: center;\"><span style=\"color: #ffcc99; font-size: 18pt;\">Herzlich Willkommen auf der Homepage der <\/span><\/p>\r\n<p style=\"text-align: center;\"><span style=\"color: #ffcc99; font-size: 18pt;\">Reparatur-Schwei\u00dferei &#8220;Record&#8221;<\/span><\/p>\r\n<p style=\"text-align: center;\">Die Spezialschwei\u00dferei f\u00fcr Grauguss und Aluminium.<\/p>\r\n<h2 style=\"text-align: center;\"><span style=\"text-decoration: underline; color: #c7c7c7;\">Erreichbar sind wir<\/span><\/h2>\r\n<p style=\"text-align: center;\"><span style=\"color: #c7c7c7;\">Montag &#8211; Donnerstag von 07:00 bis 15:00<br \/><\/span><span style=\"color: #c7c7c7;\">Freitag von 07:00 bis 14:00<\/span><\/p>\r\n<p style=\"text-align: center;\"><span style=\"color: #999999;\">unter 03581 \/ 40 74 70<br \/>Handy: 0157\/82216132 (ganztags)<\/span><\/p>\r\n<p style=\"text-align: center;\"><span style=\"color: #c7c7c7; font-size: 14pt;\">E-Mail: <a style=\"color: #c7c7c7;\" href=\"mailto:info@schweissereiwuttke.de\">info@schweissereiwuttke.de<\/a><br \/><\/span><span style=\"color: #999999;\">(Wenn Sie uns Ihre Telefonnummer mitsenden, melden wir uns bei Ihnen.)<\/span><\/p>\r\n<p style=\"text-align: justify;\"><img loading=\"lazy\" decoding=\"async\" class=\"size-medium wp-image-113 aligncenter\" src=\"https:\/\/www.schweissereiwuttke.de\/wp\/wp-content\/uploads\/2020\/02\/IMG_7596-300x225.jpg\" alt=\"\" width=\"300\" height=\"225\" srcset=\"https:\/\/www.schweissereiwuttke.de\/wp\/wp-content\/uploads\/2020\/02\/IMG_7596-300x225.jpg 300w, https:\/\/www.schweissereiwuttke.de\/wp\/wp-content\/uploads\/2020\/02\/IMG_7596-1024x768.jpg 1024w, https:\/\/www.schweissereiwuttke.de\/wp\/wp-content\/uploads\/2020\/02\/IMG_7596-768x576.jpg 768w, https:\/\/www.schweissereiwuttke.de\/wp\/wp-content\/uploads\/2020\/02\/IMG_7596-1536x1152.jpg 1536w, https:\/\/www.schweissereiwuttke.de\/wp\/wp-content\/uploads\/2020\/02\/IMG_7596-2048x1536.jpg 2048w\" sizes=\"auto, (max-width: 300px) 100vw, 300px\" \/><\/p>\r\n\r\n<p style=\"text-align: center;\">\u00a0<\/p>\r\n<p style=\"text-align: center;\">\u00a0<\/p>\r\n<p><\/p>","protected":false},"excerpt":{"rendered":"<p>Herzlich Willkommen auf der Homepage der Reparatur-Schwei\u00dferei &#8220;Record&#8221; Die Spezialschwei\u00dferei f\u00fcr Grauguss und Aluminium. Erreichbar sind wir Montag &#8211; Donnerstag von 07:00 bis 15:00Freitag von 07:00 bis 14:00 unter 03581 \/ 40 74 70Handy: 0157\/82216132 (ganztags) E-Mail: info@schweissereiwuttke.de(Wenn Sie uns Ihre Telefonnummer mitsenden, melden wir uns bei Ihnen.) \u00a0 \u00a0<\/p>\n","protected":false},"author":1,"featured_media":0,"parent":0,"menu_order":0,"comment_status":"closed","ping_status":"closed","template":"","meta":{"footnotes":""},"class_list":["post-26","page","type-page","status-publish","hentry"],"_links":{"self":[{"href":"https:\/\/www.schweissereiwuttke.de\/wp\/index.php?rest_route=\/wp\/v2\/pages\/26","targetHints":{"allow":["GET"]}}],"collection":[{"href":"https:\/\/www.schweissereiwuttke.de\/wp\/index.php?rest_route=\/wp\/v2\/pages"}],"about":[{"href":"https:\/\/www.schweissereiwuttke.de\/wp\/index.php?rest_route=\/wp\/v2\/types\/page"}],"author":[{"embeddable":true,"href":"https:\/\/www.schweissereiwuttke.de\/wp\/index.php?rest_route=\/wp\/v2\/users\/1"}],"replies":[{"embeddable":true,"href":"https:\/\/www.schweissereiwuttke.de\/wp\/index.php?rest_route=%2Fwp%2Fv2%2Fcomments&post=26"}],"version-history":[{"count":42,"href":"https:\/\/www.schweissereiwuttke.de\/wp\/index.php?rest_route=\/wp\/v2\/pages\/26\/revisions"}],"predecessor-version":[{"id":234,"href":"https:\/\/www.schweissereiwuttke.de\/wp\/index.php?rest_route=\/wp\/v2\/pages\/26\/revisions\/234"}],"wp:attachment":[{"href":"https:\/\/www.schweissereiwuttke.de\/wp\/index.php?rest_route=%2Fwp%2Fv2%2Fmedia&parent=26"}],"curies":[{"name":"wp","href":"https:\/\/api.w.org\/{rel}","templated":true}]}}